{"id":12,"date":"2018-12-28T22:05:55","date_gmt":"2018-12-28T21:05:55","guid":{"rendered":"http:\/\/kindergarten-sonnenwiese.net\/?page_id=12"},"modified":"2026-04-25T14:24:04","modified_gmt":"2026-04-25T13:24:04","slug":"anmeldung","status":"publish","type":"page","link":"https:\/\/kindergartenverein-neubiberg.de\/?page_id=12","title":{"rendered":"Anmeldung"},"content":{"rendered":"<div class=\"wp-block-image\">\n<figure class=\"alignleft is-resized\"><img loading=\"lazy\" decoding=\"async\" width=\"1024\" height=\"768\" src=\"http:\/\/kindergarten-sonnenwiese.net\/wp-content\/uploads\/2018\/12\/IMG_4067-ZUSCHNITT-1024x768.jpg\" alt=\"\" class=\"wp-image-429\" style=\"width:827px;height:621px\" srcset=\"https:\/\/kindergartenverein-neubiberg.de\/wp-content\/uploads\/2018\/12\/IMG_4067-ZUSCHNITT-1024x768.jpg 1024w, https:\/\/kindergartenverein-neubiberg.de\/wp-content\/uploads\/2018\/12\/IMG_4067-ZUSCHNITT-300x225.jpg 300w, https:\/\/kindergartenverein-neubiberg.de\/wp-content\/uploads\/2018\/12\/IMG_4067-ZUSCHNITT-768x576.jpg 768w, https:\/\/kindergartenverein-neubiberg.de\/wp-content\/uploads\/2018\/12\/IMG_4067-ZUSCHNITT-600x450.jpg 600w\" sizes=\"auto, (max-width: 1024px) 100vw, 1024px\" \/><\/figure>\n<\/div>\n\n\n<p>Wenn Ihnen unser Konzept zusagt und Sie Interesse an einem Kindergartenplatz haben, k\u00f6nnen Sie Ihre unverbindliche Voranmeldung per E-Mail an den Vorstand des Kindergartenvereins senden (<a href=\"mailto:anmeldung@kindergartenverein-neubiberg.de\">anmeldung@kindergartenverein-neubiberg<\/a>.de).<\/p>\n\n\n\n<p><\/p>\n\n\n\n<div style=\"height:20px\" aria-hidden=\"true\" class=\"wp-block-spacer\"><\/div>\n\n\n\n<p>Weitere Informationen \u00fcber den Kindergarten Sonnenwiese und die genauen Aufnahmebedingungen geben Ihnen gerne Jutta Hachmann (p\u00e4d. Leitung) oder Theresa Jell (Zust\u00e4ndige f\u00fcr Neuaufnahmen). Bei Fragen zur Anmeldung oder Aufnahme senden Sie auch gerne eine Nachricht an <a href=\"mailto:anmeldung@kindergartenverein-neubiberg.de\">anmeldung@kindergartenverein-neubiberg.de<\/a>.<\/p>\n\n\n\n<p>Wir bitten um Beachtung, dass zus\u00e4tzlich zu unserem <a href=\"https:\/\/kindergartenverein-neubiberg.de\/?page_id=2200\" data-type=\"link\" data-id=\"https:\/\/kindergartenverein-neubiberg.de\/?page_id=2200\">Anmeldeformular<\/a> stets, jedoch ggf. nicht sofort, eine offizielle Kitaplatz-Bedarfsanmeldung im B\u00fcrgerservice-Portal der Gemeinde Neubiberg erforderlich ist.<\/p>\n\n\n\n<p><\/p>\n","protected":false},"excerpt":{"rendered":"<p>Wenn Ihnen unser Konzept zusagt und Sie Interesse an einem Kindergartenplatz haben, k\u00f6nnen Sie Ihre unverbindliche Voranmeldung per E-Mail an den Vorstand des Kindergartenvereins senden (anmeldung@kindergartenverein-neubiberg.de). Weitere Informationen \u00fcber den Kindergarten Sonnenwiese und die genauen Aufnahmebedingungen geben Ihnen gerne Jutta Hachmann (p\u00e4d. Leitung) oder Theresa Jell (Zust\u00e4ndige f\u00fcr Neuaufnahmen). Bei Fragen zur Anmeldung oder Aufnahme [&hellip;]<\/p>\n","protected":false},"author":1,"featured_media":0,"parent":0,"menu_order":0,"comment_status":"closed","ping_status":"closed","template":"","meta":{"footnotes":""},"class_list":["post-12","page","type-page","status-publish","hentry"],"_links":{"self":[{"href":"https:\/\/kindergartenverein-neubiberg.de\/index.php?rest_route=\/wp\/v2\/pages\/12","targetHints":{"allow":["GET"]}}],"collection":[{"href":"https:\/\/kindergartenverein-neubiberg.de\/index.php?rest_route=\/wp\/v2\/pages"}],"about":[{"href":"https:\/\/kindergartenverein-neubiberg.de\/index.php?rest_route=\/wp\/v2\/types\/page"}],"author":[{"embeddable":true,"href":"https:\/\/kindergartenverein-neubiberg.de\/index.php?rest_route=\/wp\/v2\/users\/1"}],"replies":[{"embeddable":true,"href":"https:\/\/kindergartenverein-neubiberg.de\/index.php?rest_route=%2Fwp%2Fv2%2Fcomments&post=12"}],"version-history":[{"count":48,"href":"https:\/\/kindergartenverein-neubiberg.de\/index.php?rest_route=\/wp\/v2\/pages\/12\/revisions"}],"predecessor-version":[{"id":2388,"href":"https:\/\/kindergartenverein-neubiberg.de\/index.php?rest_route=\/wp\/v2\/pages\/12\/revisions\/2388"}],"wp:attachment":[{"href":"https:\/\/kindergartenverein-neubiberg.de\/index.php?rest_route=%2Fwp%2Fv2%2Fmedia&parent=12"}],"curies":[{"name":"wp","href":"https:\/\/api.w.org\/{rel}","templated":true}]}}