{"id":13,"date":"2018-12-28T22:05:55","date_gmt":"2018-12-28T21:05:55","guid":{"rendered":"http:\/\/kindergarten-sonnenwiese.net\/?page_id=13"},"modified":"2024-11-22T09:31:44","modified_gmt":"2024-11-22T08:31:44","slug":"oeffnungszeiten","status":"publish","type":"page","link":"https:\/\/kindergartenverein-neubiberg.de\/?page_id=13","title":{"rendered":"Zeiten"},"content":{"rendered":"\n<p><strong>\u00d6ffnungszeiten<\/strong><\/p>\n\n\n\n<ul class=\"wp-block-list\">\n<li>Montag bis Donnerstag von 07.45 Uhr bis 16.15 Uhr<\/li>\n\n\n\n<li>Freitag von 7.45 Uhr bis 15.00 Uhr (Stand: Kindergartenjahr 2024\/2025)<br><\/li>\n<\/ul>\n\n\n\n<p><strong>Bring- und Abholzeiten<\/strong><\/p>\n\n\n\n<ul class=\"wp-block-list\">\n<li>Unsere Bringzeit ist morgens zwischen 07.45 Uhr und 08.30 Uhr. <\/li>\n<\/ul>\n\n\n\n<ul class=\"wp-block-list\">\n<li>Die Kernzeit, in der alle Kinder anwesend sein sollen, ist von 08.30 Uhr bis 12.30 Uhr. In dieser Zeit finden die individuelle Brotzeit, die fixen Angebote und das gemeinsame Mittagessen statt. <\/li>\n<\/ul>\n\n\n\n<ul class=\"wp-block-list\">\n<li>\u00dcbliche Abholzeiten sind 12.30 Uhr (Eingew\u00f6hnung), 15.00 Uhr&nbsp;oder 16.00 Uhr bzw. freitags 15.00 Uhr.<\/li>\n<\/ul>\n\n\n\n<p><strong>Aktionen mit Eltern und Kind<\/strong><\/p>\n\n\n\n<ul class=\"wp-block-list\">\n<li>Einmal im Monat kommen die Familien an einem Samstag von 15:00 Uhr bis 18:00 Uhr zu unserem gemeinsamen Aktionstag zusammen. Ziel dabei ist es, die Gemeinschaft der Familien zu st\u00e4rken. In Monaten mit besonderen Veranstaltungen wie bspw. dem Martinsfest im November oder der Weihnachtsfeier im Dezember ersetzen diese Feste den Aktionstag. Im Herbst organisiert unsere Elterninitiative ein Kennenlernwochenende f\u00fcr die Familien. Hierbei liegt der Fokus darauf, die neu dazugekommenen Familien kennenzulernen und sie in unsere Gemeinschaft zu integrieren.<\/li>\n<\/ul>\n\n\n\n<p><strong>Schlie\u00dftage<\/strong><\/p>\n\n\n\n<ul class=\"wp-block-list\">\n<li>Der Kindergarten ist drei Wochen im Sommer, zwischen Weihnachten und Heilig Drei K\u00f6nige und meist an Br\u00fcckentagen geschlossen. <\/li>\n<\/ul>\n\n\n\n<p><strong>Ruhezeit<\/strong><\/p>\n\n\n\n<ul class=\"wp-block-list\">\n<li>Bitte rufen Sie zwischen 11.15 Uhr und 13.00 Uhr nicht im Kindergarten an, um das gemeinsame Mittagessen und die anschlie\u00dfende Ruhezeit der Kinder nicht zu st\u00f6ren &#8211; vielen Dank f\u00fcr Ihr Verst\u00e4ndnis.<\/li>\n<\/ul>\n\n\n\n<figure class=\"wp-block-image size-large is-resized\"><img loading=\"lazy\" decoding=\"async\" width=\"1024\" height=\"768\" src=\"https:\/\/kindergartenverein-neubiberg.de\/wp-content\/uploads\/2020\/02\/Bollerwagen-klein-1024x768.jpg\" alt=\"\" class=\"wp-image-1304\" style=\"width:817px;height:613px\" srcset=\"https:\/\/kindergartenverein-neubiberg.de\/wp-content\/uploads\/2020\/02\/Bollerwagen-klein-1024x768.jpg 1024w, https:\/\/kindergartenverein-neubiberg.de\/wp-content\/uploads\/2020\/02\/Bollerwagen-klein-300x225.jpg 300w, https:\/\/kindergartenverein-neubiberg.de\/wp-content\/uploads\/2020\/02\/Bollerwagen-klein-768x576.jpg 768w, https:\/\/kindergartenverein-neubiberg.de\/wp-content\/uploads\/2020\/02\/Bollerwagen-klein-1536x1152.jpg 1536w, https:\/\/kindergartenverein-neubiberg.de\/wp-content\/uploads\/2020\/02\/Bollerwagen-klein-2048x1536.jpg 2048w, https:\/\/kindergartenverein-neubiberg.de\/wp-content\/uploads\/2020\/02\/Bollerwagen-klein-600x450.jpg 600w\" sizes=\"auto, (max-width: 1024px) 100vw, 1024px\" \/><\/figure>\n","protected":false},"excerpt":{"rendered":"<p>\u00d6ffnungszeiten Bring- und Abholzeiten Aktionen mit Eltern und Kind Schlie\u00dftage Ruhezeit<\/p>\n","protected":false},"author":1,"featured_media":0,"parent":0,"menu_order":0,"comment_status":"closed","ping_status":"closed","template":"","meta":{"footnotes":""},"class_list":["post-13","page","type-page","status-publish","hentry"],"_links":{"self":[{"href":"https:\/\/kindergartenverein-neubiberg.de\/index.php?rest_route=\/wp\/v2\/pages\/13","targetHints":{"allow":["GET"]}}],"collection":[{"href":"https:\/\/kindergartenverein-neubiberg.de\/index.php?rest_route=\/wp\/v2\/pages"}],"about":[{"href":"https:\/\/kindergartenverein-neubiberg.de\/index.php?rest_route=\/wp\/v2\/types\/page"}],"author":[{"embeddable":true,"href":"https:\/\/kindergartenverein-neubiberg.de\/index.php?rest_route=\/wp\/v2\/users\/1"}],"replies":[{"embeddable":true,"href":"https:\/\/kindergartenverein-neubiberg.de\/index.php?rest_route=%2Fwp%2Fv2%2Fcomments&post=13"}],"version-history":[{"count":39,"href":"https:\/\/kindergartenverein-neubiberg.de\/index.php?rest_route=\/wp\/v2\/pages\/13\/revisions"}],"predecessor-version":[{"id":2181,"href":"https:\/\/kindergartenverein-neubiberg.de\/index.php?rest_route=\/wp\/v2\/pages\/13\/revisions\/2181"}],"wp:attachment":[{"href":"https:\/\/kindergartenverein-neubiberg.de\/index.php?rest_route=%2Fwp%2Fv2%2Fmedia&parent=13"}],"curies":[{"name":"wp","href":"https:\/\/api.w.org\/{rel}","templated":true}]}}