{"id":1485,"date":"2021-01-26T20:30:00","date_gmt":"2021-01-26T19:30:00","guid":{"rendered":"https:\/\/kindergartenverein-neubiberg.de\/?page_id=1485"},"modified":"2025-01-20T22:02:31","modified_gmt":"2025-01-20T21:02:31","slug":"haeufig-gestellte-fragen","status":"publish","type":"page","link":"https:\/\/kindergartenverein-neubiberg.de\/?page_id=1485","title":{"rendered":"H\u00e4ufig gestellte Fragen"},"content":{"rendered":"\n<p><strong>Wie viele Gruppen gibt es im Kindergarten? Mit wie vielen Kindern?<\/strong> <br>Unser Kindergarten hat 1 Gruppe mit 15 Kindern von 2 Jahren bis zum Schuleintritt.<\/p>\n\n\n\n<p><br><strong>Wie viele Betreuer*innen gibt es? (Qualifizierung des Personals)<\/strong><br>Die Kinder werden in der Regel von 3 P\u00e4dagog*innen (2 Erzieher*innen und eine erg\u00e4nzende Kraft) und einer Praktikant*in betreut. Zus\u00e4tzlich ist t\u00e4glich ein Elterndienst vor Ort, der prim\u00e4r hauswirtschaftliche T\u00e4tigkeiten erledigt, aber auch bei der Betreuung der Kinder hilft.<\/p>\n\n\n\n<p><br><strong>Wie funktioniert die Elternmitarbeit?<\/strong><br>Ein Elternteil (auch im Wechsel m\u00f6glich) ist alle 2 Wochen einen Tag von 8:00 bis 16:15 Uhr oder jede Woche einen halben Tag (Vor- oder Nachmittag) im Kindergarten als Elterndienst dabei. Er ist verantwortlich die Tische f\u00fcr das Fr\u00fchst\u00fcck der Kinder vorzubereiten (dazu geh\u00f6rt z.B. Tee Kochen, Obst schneiden, Teller und Tassen bereitstellen), das Mittagsessen zuzubereiten (Endgaren des gek\u00fchlten Catering Essens, Rohkost zubereiten und portionieren), Ein- und Ausr\u00e4umen der Sp\u00fcl- und Waschmaschine u.\u00e4.<\/p>\n\n\n\n<p>Zus\u00e4tzlich unterst\u00fctzt der Elterndienst unter Anweisung des p\u00e4dagogischen Teams bei der Betreuung der Kinder mit, z.B. beim An- und Ausziehen in der Garderobe, Vorlesen, Basteln, usw.<\/p>\n\n\n\n<p>Als Elterninitiative ist es f\u00fcr uns von tragender Bedeutung, dass die Eltern in den organisatorischen Belangen des Kindergartens mitarbeiten. Dies umfasst neben den Vorstandsaufgaben auch allt\u00e4gliche Aufgaben (Zusatzdienste) wie Erstellung der Dienst- und Urlaubslisten, Einkauf, Essensbestellung,  Protokolle der Elternabende schreiben, Gartenpflege, Fotos, Reparaturen und Organisation von Festen. Diese Dienste werden j\u00e4hrlich am Elternabend im Juli f\u00fcr das kommende Kindergartenjahr unter den Familien aufgeteilt.<\/p>\n\n\n\n<p><br><strong>Wie sind die R\u00e4umlichkeiten?<\/strong><br>In unserem Kindergarten gibt es zwei gro\u00dfe R\u00e4ume. Im gelben Raum mit Kinderspielk\u00fcche, Puppenecke, Platz f\u00fcr Puzzle, Brettspiele, sowie Basteltisch und Kuschelecke, werden auch die Mahlzeiten eingenommen.<\/p>\n\n\n\n<p>Der blaue Raum, der als Bewegungsraum sowie f\u00fcr Konstruktionsspiele genutzt wird, dient nach dem Mittagessen auch als Schlafraum f\u00fcr die j\u00fcngeren Kinder, die (in Abstimmung mit den Eltern) einen Mittagsschlaf machen.<\/p>\n\n\n\n<p>Dazu verf\u00fcgen wir \u00fcber ein Kinderbad mit Kindertoiletten und Kinderwaschbecken, einem Wickelraum, ein Bad mit WC und Waschbecken f\u00fcr Erwachsene und einem B\u00fcroraum f\u00fcr das p\u00e4dagogische Team. Die K\u00fcche ist im gelben Raum als K\u00fcchenzeile integriert und durch eine Theke zum Raum getrennt.<\/p>\n\n\n\n<p><br><strong>Wie ist das Au\u00dfengel\u00e4nde und wie wird es genutzt?<\/strong><br>Wir verf\u00fcgen \u00fcber einen wunderbar gro\u00dfen, naturnahen Garten mit vielf\u00e4ltigen Spielm\u00f6glichkeiten wie einem gro\u00dfen Sandkasten, zwei Rutschen, zwei Schaukeln, einer Nestschaukel, einem Kletterger\u00fcst, einem Kletterbaum, einem Kletter-Flugzeug, einem H\u00fcgel mit kleinem Tunnel, Beeten in denen mit den Kindern gepflanzt und geerntet wird sowie einem Schuppen mit einer Vielzahl an Fahrzeugen (Bobbycars, Laufr\u00e4der, etc.).<\/p>\n\n\n\n<p>Es gibt einen gro\u00dfen, \u00fcberdachten Freisitz, an dem im Sommer auch die Mahlzeiten eingenommen werden k\u00f6nnen, der aber auch f\u00fcr Spiele genutzt werden kann.<\/p>\n\n\n\n<p>Die Kinder nutzen jeden Tag mehrmals das Freigel\u00e4nde, meist vormittags nach dem Morgenkreis und nachmittags nach dem Mittagessen \/ der Ruhezeit.<\/p>\n\n\n\n<p><br><strong>Gibt es regelm\u00e4\u00dfige Angebote f\u00fcr die Kinder?\u00a0<\/strong><br>Wir haben einen Waldtag (an dem das nahe gelegene W\u00e4ldchen auf dem Gel\u00e4nde der Universit\u00e4t der Bundeswehr besucht wird), einen Musiktag an dem ein externer Musiklehrer zu uns kommt, einen Sporttag, an welchem wir die Turnhalle auf dem Universit\u00e4tsgel\u00e4nde nutzen d\u00fcrfen, einen Tag, an dem Vorschule und Zahlenland (letzteres f\u00fcr den Jahrgang vor der Vorschule) stattfindet sowie einen Tag mit spielerischem Englischunterricht (wiederum mit einer externen Englischlehrerin).<\/p>\n\n\n\n<p>Daneben bleibt dennoch viel Zeit f\u00fcr das wichtige Freispiel und andere p\u00e4dagogische Angebote wie gemeinsames Basteln.<\/p>\n\n\n\n<p><br><strong>Wie ist das Ern\u00e4hrungskonzept?<\/strong><br>Zum Fr\u00fchst\u00fcck am Vormittag bringen die Kinder eine gesunde Brotzeit mit. Der Elterndienst bereitet zudem einen frischen Obstteller f\u00fcr alle Kinder vor. Den Kindern stehen zu jeder Zeit unges\u00fc\u00dfter Fr\u00fcchte- oder Kr\u00e4utertee und Wasser zum Trinken zur Verf\u00fcgung. Mittags wird das frisch zubereitete Essen der Firma <a href=\"https:\/\/voit-services.de\/index.php\/kindergarten-schulcatering\" data-type=\"link\" data-id=\"https:\/\/voit-services.de\/index.php\/kindergarten-schulcatering\">Voit <\/a>im Kindergarten endgegart. Dieses wird durch Rohkost und Obst erg\u00e4nzt. Die Lebensmittel sind \u00fcberwiegend aus \u00f6kologischer Erzeugung. Die Kosten f\u00fcr das Mittagessen, den Obstteller zum Fr\u00fchst\u00fcck und die Brotzeit am Nachmittag betragen pauschal (unabh\u00e4ngig von der tats\u00e4chlichen Anwesenheit) 98,00 EUR pro Monat.<\/p>\n\n\n\n<p><br><strong>Sind Wickelkinder willkommen?<\/strong><br>Da wir schon Kinder ab 2 Jahren in unserem Kindergarten haben, befindet sich ein Wickelraum im Kindergarten und es gibt auch Wickelkinder. Diese werden ohne Druck begleitet und gewickelt, solange das n\u00f6tig ist.<\/p>\n\n\n\n<p><br><strong>Wann und wie finden Elterngespr\u00e4che statt?<\/strong><br>T\u00fcr- und Angelgespr\u00e4che gibt es laufend, dabei werden aktuelle Informationen \u00fcber das Kind zu Hause bzw. im Kindergarten ausgetauscht. In der Regel ein bis zweimal j\u00e4hrlich findet ein Entwicklungsgespr\u00e4ch statt, bei dem sich Eltern und p\u00e4dagogisches Team \u00fcber das Kind austauschen. Bei besonderem Gespr\u00e4chsbedarf kann es auch ein weiteres Elterngespr\u00e4ch geben.<\/p>\n\n\n\n<p><br><strong>Wie oft finden Elternabende statt?<\/strong><br>Etwa alle sechs Wochen findet ein Elternabend (in der Regel von 19:00 \u2013 21:00 Uhr oder 20:00 \u2013 22:00 Uhr) im Kindergarten statt. Insgesamt sind es 5 bis 6 Elternabende im Jahr. Diese haben entweder organisatorische Inhalte oder es werden externe Referenten zu verschiedensten Themen eingeladen.<\/p>\n\n\n\n<p>Die Anwesenheit ist f\u00fcr jede Familie verpflichtend.<\/p>\n\n\n\n<p>Au\u00dferdem bieten wir bis zu 3 Mal j\u00e4hrlich eine Supervision f\u00fcr die Familien an, um alle Themen besprechen zu k\u00f6nnen, die den Eltern unter den N\u00e4geln brennen und so Konflikten fr\u00fchzeitig entgegenzuwirken. Diese findet online statt. Teilnahme ist hier freiwillig.<\/p>\n\n\n\n<p><br><strong>Was sind die Aktionstage?<\/strong><br>In der Regel findet ein mal im Monat eine Veranstaltung f\u00fcr Kinder und Eltern statt. Hier feiern wir entweder Feste (St. Martin, Weihnachten, Fr\u00fchlingsfest zusammen mit dem p\u00e4dagogischen Team), machen Fr\u00fchjahrsputz, Ausfl\u00fcge, Zelten oder treffen uns an einem Samstagnachmittag (i.d.R 14.00 bis 17.00) um verschiedene Aktionen auf dem Kindergartengel\u00e4nde umzusetzen (wie Basteln, Bauen und Klettern auf einem selbst erstellen Parcours im Freien\u2026). Die Organisation wird im Rahmen des Zusatzdienstes Feste \u00fcbernommen. Die Aktionstage finden ohne das p\u00e4dagogische Team statt.<\/p>\n\n\n\n<p><br><strong>Wie sind die  \u00d6ffnungs- und Schlie\u00dfzeiten?<\/strong><br>Unsere Bringzeit ist morgens zwischen 7.45 und 8.30. Die Kernzeit, in der alle Kinder anwesend sein sollen, ist von 8.30 bis 12.30. In dieser Zeit finden die individuelle Brotzeit, die fixen Angebote und das gemeinsame Mittagessen statt. \u00dcbliche Abholzeiten sind  um 12.30 (Eingew\u00f6hnung),  ab 15.00 bis 16.15 bzw. freitags ab 14.00 bis 15.15.<\/p>\n\n\n\n<p><br><strong>Wie viele Schlie\u00dftage gibt es?<\/strong><br>Der Kindergarten ist drei Wochen in den bayerischen Sommerferien, zwischen Weihnachten und Heilig Drei K\u00f6nige und meist an Br\u00fcckentagen geschlossen. Dar\u00fcber hinaus ist 1 Tag am Anfang des Kindergartenjahres f\u00fcr p\u00e4dagogische Konzeptarbeit vorgesehen.<\/p>\n\n\n\n<p><br><strong>Wie hoch sind die Elternbeitr\u00e4ge? Kommen zus\u00e4tzliche Kosten dazu?<\/strong><br>145 \u20ac bis 12:30 Uhr&nbsp;&nbsp;&nbsp;&nbsp;&nbsp;&nbsp;&nbsp;&nbsp;&nbsp; 4,1 h bis 5 h pro Tag (Eingew\u00f6hnungszeit)<\/p>\n\n\n\n<p>178 \u20ac bis 15:30 Uhr&nbsp;&nbsp;&nbsp;&nbsp;&nbsp;&nbsp;&nbsp;&nbsp;&nbsp; 7,1 h bis 8 h pro Tag (Regelzeit)<\/p>\n\n\n\n<p>189 \u20ac&nbsp; bis 16:15 Uhr&nbsp;&nbsp;&nbsp;&nbsp;&nbsp;&nbsp;&nbsp;&nbsp;&nbsp; 8,1 h bis 9 h pro Tag (Regelzeit)<\/p>\n\n\n\n<p>F\u00fcr 2-j\u00e4hrige Kinder wird ein Zuschlag von 50 \u20ac pro Monat berechnet.<\/p>\n\n\n\n<p>Der Musikunterricht kostet derzeit 22,- \u20ac pro Monat und ist wahlweise.<\/p>\n\n\n\n<p>Die Kosten f\u00fcr das Mittagessen, den Obstteller zum Fr\u00fchst\u00fcck und die Brotzeit am Nachmittag betragen pauschal (unabh\u00e4ngig von der tats\u00e4chlichen Anwesenheit) 98,- \u20ac pro Monat.<\/p>\n\n\n\n<p><br>Die FAQ k\u00f6nnen auch hier herunter geladen werden: <\/p>\n\n\n\n<div class=\"wp-block-file\"><a id=\"wp-block-file--media-03f93f72-9e69-4b91-b56d-197595b99ef1\" href=\"https:\/\/kindergartenverein-neubiberg.de\/wp-content\/uploads\/2021\/01\/Kindergarten-Sonnenwiese-FAQs-fuer-Interessierte-Familien.pdf\">Kindergarten-Sonnenwiese-FAQs-fuer-Interessierte-Familien<\/a><a href=\"https:\/\/kindergartenverein-neubiberg.de\/wp-content\/uploads\/2021\/01\/Kindergarten-Sonnenwiese-FAQs-fuer-Interessierte-Familien.pdf\" class=\"wp-block-file__button wp-element-button\" download aria-describedby=\"wp-block-file--media-03f93f72-9e69-4b91-b56d-197595b99ef1\">Herunterladen<\/a><\/div>\n\n\n\n<figure class=\"wp-block-image size-large\"><img loading=\"lazy\" decoding=\"async\" width=\"1024\" height=\"755\" src=\"https:\/\/kindergartenverein-neubiberg.de\/wp-content\/uploads\/2021\/01\/faq-3408300-1024x755.jpg\" alt=\"\" class=\"wp-image-1486\" srcset=\"https:\/\/kindergartenverein-neubiberg.de\/wp-content\/uploads\/2021\/01\/faq-3408300-1024x755.jpg 1024w, https:\/\/kindergartenverein-neubiberg.de\/wp-content\/uploads\/2021\/01\/faq-3408300-300x221.jpg 300w, https:\/\/kindergartenverein-neubiberg.de\/wp-content\/uploads\/2021\/01\/faq-3408300-768x566.jpg 768w, https:\/\/kindergartenverein-neubiberg.de\/wp-content\/uploads\/2021\/01\/faq-3408300-1536x1132.jpg 1536w, https:\/\/kindergartenverein-neubiberg.de\/wp-content\/uploads\/2021\/01\/faq-3408300-2048x1510.jpg 2048w, https:\/\/kindergartenverein-neubiberg.de\/wp-content\/uploads\/2021\/01\/faq-3408300-600x442.jpg 600w\" sizes=\"auto, (max-width: 1024px) 100vw, 1024px\" \/><\/figure>\n","protected":false},"excerpt":{"rendered":"<p>Wie viele Gruppen gibt es im Kindergarten? Mit wie vielen Kindern? Unser Kindergarten hat 1 Gruppe mit 15 Kindern von 2 Jahren bis zum Schuleintritt. Wie viele Betreuer*innen gibt es? (Qualifizierung des Personals)Die Kinder werden in der Regel von 3 P\u00e4dagog*innen (2 Erzieher*innen und eine erg\u00e4nzende Kraft) und einer Praktikant*in betreut. Zus\u00e4tzlich ist t\u00e4glich ein [&hellip;]<\/p>\n","protected":false},"author":1,"featured_media":1486,"parent":11,"menu_order":0,"comment_status":"closed","ping_status":"closed","template":"","meta":{"footnotes":""},"class_list":["post-1485","page","type-page","status-publish","has-post-thumbnail","hentry"],"_links":{"self":[{"href":"https:\/\/kindergartenverein-neubiberg.de\/index.php?rest_route=\/wp\/v2\/pages\/1485","targetHints":{"allow":["GET"]}}],"collection":[{"href":"https:\/\/kindergartenverein-neubiberg.de\/index.php?rest_route=\/wp\/v2\/pages"}],"about":[{"href":"https:\/\/kindergartenverein-neubiberg.de\/index.php?rest_route=\/wp\/v2\/types\/page"}],"author":[{"embeddable":true,"href":"https:\/\/kindergartenverein-neubiberg.de\/index.php?rest_route=\/wp\/v2\/users\/1"}],"replies":[{"embeddable":true,"href":"https:\/\/kindergartenverein-neubiberg.de\/index.php?rest_route=%2Fwp%2Fv2%2Fcomments&post=1485"}],"version-history":[{"count":15,"href":"https:\/\/kindergartenverein-neubiberg.de\/index.php?rest_route=\/wp\/v2\/pages\/1485\/revisions"}],"predecessor-version":[{"id":2227,"href":"https:\/\/kindergartenverein-neubiberg.de\/index.php?rest_route=\/wp\/v2\/pages\/1485\/revisions\/2227"}],"up":[{"embeddable":true,"href":"https:\/\/kindergartenverein-neubiberg.de\/index.php?rest_route=\/wp\/v2\/pages\/11"}],"wp:featuredmedia":[{"embeddable":true,"href":"https:\/\/kindergartenverein-neubiberg.de\/index.php?rest_route=\/wp\/v2\/media\/1486"}],"wp:attachment":[{"href":"https:\/\/kindergartenverein-neubiberg.de\/index.php?rest_route=%2Fwp%2Fv2%2Fmedia&parent=1485"}],"curies":[{"name":"wp","href":"https:\/\/api.w.org\/{rel}","templated":true}]}}