{"id":2149,"date":"2024-11-22T08:59:16","date_gmt":"2024-11-22T07:59:16","guid":{"rendered":"https:\/\/kindergartenverein-neubiberg.de\/?page_id=2149"},"modified":"2026-01-08T16:36:16","modified_gmt":"2026-01-08T15:36:16","slug":"oekokids","status":"publish","type":"page","link":"https:\/\/kindergartenverein-neubiberg.de\/?page_id=2149","title":{"rendered":"\u00d6kokids 2024"},"content":{"rendered":"\n<p class=\"has-text-align-left\">\u00d6koKids, die gro\u00dfe Auszeichnung f\u00fcr kleine Umweltsch\u00fctzer<\/p>\n\n\n<div class=\"wp-block-image\">\n<figure class=\"aligncenter size-large\"><img loading=\"lazy\" decoding=\"async\" width=\"1024\" height=\"683\" src=\"https:\/\/kindergartenverein-neubiberg.de\/wp-content\/uploads\/2024\/11\/OekoKids013_Auszeichnung-1024x683.jpg\" alt=\"\" class=\"wp-image-2157\" srcset=\"https:\/\/kindergartenverein-neubiberg.de\/wp-content\/uploads\/2024\/11\/OekoKids013_Auszeichnung-1024x683.jpg 1024w, https:\/\/kindergartenverein-neubiberg.de\/wp-content\/uploads\/2024\/11\/OekoKids013_Auszeichnung-300x200.jpg 300w, https:\/\/kindergartenverein-neubiberg.de\/wp-content\/uploads\/2024\/11\/OekoKids013_Auszeichnung-768x512.jpg 768w, https:\/\/kindergartenverein-neubiberg.de\/wp-content\/uploads\/2024\/11\/OekoKids013_Auszeichnung-1536x1024.jpg 1536w, https:\/\/kindergartenverein-neubiberg.de\/wp-content\/uploads\/2024\/11\/OekoKids013_Auszeichnung-2048x1365.jpg 2048w, https:\/\/kindergartenverein-neubiberg.de\/wp-content\/uploads\/2024\/11\/OekoKids013_Auszeichnung-600x400.jpg 600w\" sizes=\"auto, (max-width: 1024px) 100vw, 1024px\" \/><figcaption class=\"wp-element-caption\">Unsere P\u00e4dagogische Leitung Jutta Hachmann bei der Verleihung der Auszeichnung \u00d6kokids<\/figcaption><\/figure>\n<\/div>\n\n\n<p>Schon zum 4. Mal wurden wir Anfang September mit dieser Auszeichnung geehrt, die vom Landesbund f\u00fcr Vogelschutz und Natur und dem bayrischen Umweltministerium gef\u00f6rdert wird. Sie ein Zeichen daf\u00fcr, dass wir uns in unserer Einrichtung regelm\u00e4\u00dfig mit Bildung f\u00fcr nachhaltige Entwicklung (BNE) besch\u00e4ftigen. BNE erm\u00f6glicht es allen Menschen, die Auswirkungen des eigenen Handelns auf die Welt zu verstehen und verantwortungsvolle nachhaltige Entscheidungen zu treffen.<\/p>\n\n\n\n<p><\/p>\n\n\n\n<p class=\"has-text-align-center\">Achtung, Achtung, Snack attack!!!<\/p>\n\n\n\n<p class=\"has-text-align-center\">Diesmal haben wir den Zucker in unserer Nahrung unter die Lupe genommen.<\/p>\n\n\n\n<p class=\"has-text-align-center\">\u2026&#8230; und war ganz sch\u00f6n \u00fcberrascht, wo er sich \u00fcberall versteckt.<\/p>\n\n\n<div class=\"wp-block-image\">\n<figure class=\"aligncenter size-large\"><img loading=\"lazy\" decoding=\"async\" width=\"1024\" height=\"779\" src=\"https:\/\/kindergartenverein-neubiberg.de\/wp-content\/uploads\/2024\/11\/IMG_9234-1-1024x779.jpeg\" alt=\"\" class=\"wp-image-2165\" srcset=\"https:\/\/kindergartenverein-neubiberg.de\/wp-content\/uploads\/2024\/11\/IMG_9234-1-1024x779.jpeg 1024w, https:\/\/kindergartenverein-neubiberg.de\/wp-content\/uploads\/2024\/11\/IMG_9234-1-300x228.jpeg 300w, https:\/\/kindergartenverein-neubiberg.de\/wp-content\/uploads\/2024\/11\/IMG_9234-1-768x585.jpeg 768w, https:\/\/kindergartenverein-neubiberg.de\/wp-content\/uploads\/2024\/11\/IMG_9234-1-1536x1169.jpeg 1536w, https:\/\/kindergartenverein-neubiberg.de\/wp-content\/uploads\/2024\/11\/IMG_9234-1-2048x1559.jpeg 2048w, https:\/\/kindergartenverein-neubiberg.de\/wp-content\/uploads\/2024\/11\/IMG_9234-1-600x457.jpeg 600w\" sizes=\"auto, (max-width: 1024px) 100vw, 1024px\" \/><figcaption class=\"wp-element-caption\">Wir freuen uns alle sehr \u00fcber unser 4. Bl\u00fcmchen.<\/figcaption><\/figure>\n<\/div>\n\n\n<p><br><\/p>\n\n\n<div class=\"wp-block-image is-style-default\">\n<figure class=\"aligncenter size-large\"><a href=\"https:\/\/www.lbv.de\/umweltbildung\/fuer-kindertageseinrichtungen\/oekokids\/\"><img loading=\"lazy\" decoding=\"async\" width=\"1024\" height=\"471\" src=\"https:\/\/kindergartenverein-neubiberg.de\/wp-content\/uploads\/2024\/11\/Logo24_Oekokids--1024x471.jpg\" alt=\"\" class=\"wp-image-2158\" srcset=\"https:\/\/kindergartenverein-neubiberg.de\/wp-content\/uploads\/2024\/11\/Logo24_Oekokids--1024x471.jpg 1024w, https:\/\/kindergartenverein-neubiberg.de\/wp-content\/uploads\/2024\/11\/Logo24_Oekokids--300x138.jpg 300w, https:\/\/kindergartenverein-neubiberg.de\/wp-content\/uploads\/2024\/11\/Logo24_Oekokids--768x353.jpg 768w, https:\/\/kindergartenverein-neubiberg.de\/wp-content\/uploads\/2024\/11\/Logo24_Oekokids--600x276.jpg 600w, https:\/\/kindergartenverein-neubiberg.de\/wp-content\/uploads\/2024\/11\/Logo24_Oekokids-.jpg 1181w\" sizes=\"auto, (max-width: 1024px) 100vw, 1024px\" \/><\/a><\/figure>\n<\/div>\n\n\n<p><\/p>\n","protected":false},"excerpt":{"rendered":"<p>\u00d6koKids, die gro\u00dfe Auszeichnung f\u00fcr kleine Umweltsch\u00fctzer Schon zum 4. Mal wurden wir Anfang September mit dieser Auszeichnung geehrt, die vom Landesbund f\u00fcr Vogelschutz und Natur und dem bayrischen Umweltministerium gef\u00f6rdert wird. Sie ein Zeichen daf\u00fcr, dass wir uns in unserer Einrichtung regelm\u00e4\u00dfig mit Bildung f\u00fcr nachhaltige Entwicklung (BNE) besch\u00e4ftigen. BNE erm\u00f6glicht es allen Menschen, [&hellip;]<\/p>\n","protected":false},"author":1,"featured_media":0,"parent":0,"menu_order":0,"comment_status":"closed","ping_status":"closed","template":"","meta":{"footnotes":""},"class_list":["post-2149","page","type-page","status-publish","hentry"],"_links":{"self":[{"href":"https:\/\/kindergartenverein-neubiberg.de\/index.php?rest_route=\/wp\/v2\/pages\/2149","targetHints":{"allow":["GET"]}}],"collection":[{"href":"https:\/\/kindergartenverein-neubiberg.de\/index.php?rest_route=\/wp\/v2\/pages"}],"about":[{"href":"https:\/\/kindergartenverein-neubiberg.de\/index.php?rest_route=\/wp\/v2\/types\/page"}],"author":[{"embeddable":true,"href":"https:\/\/kindergartenverein-neubiberg.de\/index.php?rest_route=\/wp\/v2\/users\/1"}],"replies":[{"embeddable":true,"href":"https:\/\/kindergartenverein-neubiberg.de\/index.php?rest_route=%2Fwp%2Fv2%2Fcomments&post=2149"}],"version-history":[{"count":7,"href":"https:\/\/kindergartenverein-neubiberg.de\/index.php?rest_route=\/wp\/v2\/pages\/2149\/revisions"}],"predecessor-version":[{"id":2353,"href":"https:\/\/kindergartenverein-neubiberg.de\/index.php?rest_route=\/wp\/v2\/pages\/2149\/revisions\/2353"}],"wp:attachment":[{"href":"https:\/\/kindergartenverein-neubiberg.de\/index.php?rest_route=%2Fwp%2Fv2%2Fmedia&parent=2149"}],"curies":[{"name":"wp","href":"https:\/\/api.w.org\/{rel}","templated":true}]}}