{"id":23,"date":"2018-12-28T22:06:26","date_gmt":"2018-12-28T21:06:26","guid":{"rendered":"http:\/\/kindergarten-sonnenwiese.net\/?page_id=23"},"modified":"2026-04-25T14:19:11","modified_gmt":"2026-04-25T13:19:11","slug":"impressum","status":"publish","type":"page","link":"https:\/\/kindergartenverein-neubiberg.de\/?page_id=23","title":{"rendered":"Impressum"},"content":{"rendered":"<div class=\"wp-block-image\">\n<figure class=\"alignright is-resized\"><img loading=\"lazy\" decoding=\"async\" width=\"703\" height=\"1024\" src=\"http:\/\/kindergarten-sonnenwiese.net\/wp-content\/uploads\/2018\/12\/IMG_4333-ZUSCHNITT-703x1024.jpg\" alt=\"\" class=\"wp-image-422\" style=\"width:363px;height:528px\" srcset=\"https:\/\/kindergartenverein-neubiberg.de\/wp-content\/uploads\/2018\/12\/IMG_4333-ZUSCHNITT-703x1024.jpg 703w, https:\/\/kindergartenverein-neubiberg.de\/wp-content\/uploads\/2018\/12\/IMG_4333-ZUSCHNITT-206x300.jpg 206w, https:\/\/kindergartenverein-neubiberg.de\/wp-content\/uploads\/2018\/12\/IMG_4333-ZUSCHNITT-768x1118.jpg 768w, https:\/\/kindergartenverein-neubiberg.de\/wp-content\/uploads\/2018\/12\/IMG_4333-ZUSCHNITT-600x873.jpg 600w\" sizes=\"auto, (max-width: 703px) 100vw, 703px\" \/><\/figure>\n<\/div>\n\n\n<p>Kindergartenverein Neubiberg e.V.&nbsp;&nbsp;&nbsp;&nbsp;&nbsp;&nbsp;&nbsp;&nbsp;&nbsp;&nbsp;&nbsp;&nbsp;<br>Werner-Heisenberg-Weg 39&nbsp;&nbsp;&nbsp;&nbsp;&nbsp;&nbsp;&nbsp;&nbsp;&nbsp;&nbsp;&nbsp;<br>85579 Neubiberg&nbsp;&nbsp;&nbsp;&nbsp;&nbsp;&nbsp;&nbsp;<br>Tel.: 0162 8473662   (Telefonruhe 11.45 &#8211; 13.00 Uhr)  &nbsp;&nbsp;&nbsp;&nbsp;&nbsp; <br>E-Mail:&nbsp;<a href=\"mailto:info@kindergartenverein-neubiberg.de?subject=Sonnenwiese\">info@kindergartenverein-neubiberg.de<\/a>  oder                                                                                                                    <a href=\"mailto:anmeldung@kindergartenverein-neubiberg.de\">anmeldung@kindergartenverein-neubiberg.de<\/a> (f\u00fcr unverbindliche Anmeldung oder Fragen zur Aufnahme)<br>Homepage:&nbsp;<a rel=\"noreferrer noopener\" href=\"http:\/\/www.kindergartenverein-neubiberg.de\/\" target=\"_blank\">www.kindergartenverein-neubiberg.de<\/a><\/p>\n\n\n\n<p class=\"has-text-color\" style=\"color:#fcfafa\">&#8212;<\/p>\n\n\n\n<p><\/p>\n\n\n\n<p>Eingetragener Verein, gegr\u00fcndet 1993<br>VR14468, Amtsgericht M\u00fcnchen<br>Gemeinn\u00fctzigkeit anerkannt<br>Vorstand: Julia Winkler, Jan Girst, Eva Zoka und Theresa Jell<\/p>\n\n\n\n<p><\/p>\n\n\n\n<h2 class=\"wp-block-heading\">Anfahrt<\/h2>\n\n\n\n<p>Der Kindergarten Sonnenwiese befindet sich auf dem Gel\u00e4nde der Universit\u00e4t der Bundeswehr. Bitte beachten Sie, dass f\u00fcr den Zutritt entsprechend besondere Bedingungen gelten. <\/p>\n\n\n\n<p>Bitte melden Sie sich rechtzeitig bei uns im Kindergarten an, damit wir sie bei der Hauptwache ank\u00fcndigen k\u00f6nnen.<\/p>\n\n\n\n<figure class=\"wp-block-image size-large\"><img loading=\"lazy\" decoding=\"async\" width=\"739\" height=\"1024\" src=\"https:\/\/kindergartenverein-neubiberg.de\/wp-content\/uploads\/2022\/06\/Bildschirmfoto-2022-06-22-um-20.29.46-739x1024.png\" alt=\"\" class=\"wp-image-1679\" srcset=\"https:\/\/kindergartenverein-neubiberg.de\/wp-content\/uploads\/2022\/06\/Bildschirmfoto-2022-06-22-um-20.29.46-739x1024.png 739w, https:\/\/kindergartenverein-neubiberg.de\/wp-content\/uploads\/2022\/06\/Bildschirmfoto-2022-06-22-um-20.29.46-216x300.png 216w, https:\/\/kindergartenverein-neubiberg.de\/wp-content\/uploads\/2022\/06\/Bildschirmfoto-2022-06-22-um-20.29.46-768x1065.png 768w, https:\/\/kindergartenverein-neubiberg.de\/wp-content\/uploads\/2022\/06\/Bildschirmfoto-2022-06-22-um-20.29.46-600x832.png 600w, https:\/\/kindergartenverein-neubiberg.de\/wp-content\/uploads\/2022\/06\/Bildschirmfoto-2022-06-22-um-20.29.46.png 1056w\" sizes=\"auto, (max-width: 739px) 100vw, 739px\" \/><\/figure>\n","protected":false},"excerpt":{"rendered":"<p>Kindergartenverein Neubiberg e.V.&nbsp;&nbsp;&nbsp;&nbsp;&nbsp;&nbsp;&nbsp;&nbsp;&nbsp;&nbsp;&nbsp;&nbsp;Werner-Heisenberg-Weg 39&nbsp;&nbsp;&nbsp;&nbsp;&nbsp;&nbsp;&nbsp;&nbsp;&nbsp;&nbsp;&nbsp;85579 Neubiberg&nbsp;&nbsp;&nbsp;&nbsp;&nbsp;&nbsp;&nbsp;Tel.: 0162 8473662 (Telefonruhe 11.45 &#8211; 13.00 Uhr) &nbsp;&nbsp;&nbsp;&nbsp;&nbsp; E-Mail:&nbsp;info@kindergartenverein-neubiberg.de oder anmeldung@kindergartenverein-neubiberg.de (f\u00fcr unverbindliche Anmeldung oder Fragen zur Aufnahme)Homepage:&nbsp;www.kindergartenverein-neubiberg.de &#8212; Eingetragener Verein, gegr\u00fcndet 1993VR14468, Amtsgericht M\u00fcnchenGemeinn\u00fctzigkeit anerkanntVorstand: Julia Winkler, Jan Girst, Eva Zoka und Theresa Jell Anfahrt Der Kindergarten Sonnenwiese befindet sich auf dem Gel\u00e4nde der Universit\u00e4t der Bundeswehr. Bitte beachten [&hellip;]<\/p>\n","protected":false},"author":1,"featured_media":0,"parent":0,"menu_order":0,"comment_status":"closed","ping_status":"closed","template":"","meta":{"footnotes":""},"class_list":["post-23","page","type-page","status-publish","hentry"],"_links":{"self":[{"href":"https:\/\/kindergartenverein-neubiberg.de\/index.php?rest_route=\/wp\/v2\/pages\/23","targetHints":{"allow":["GET"]}}],"collection":[{"href":"https:\/\/kindergartenverein-neubiberg.de\/index.php?rest_route=\/wp\/v2\/pages"}],"about":[{"href":"https:\/\/kindergartenverein-neubiberg.de\/index.php?rest_route=\/wp\/v2\/types\/page"}],"author":[{"embeddable":true,"href":"https:\/\/kindergartenverein-neubiberg.de\/index.php?rest_route=\/wp\/v2\/users\/1"}],"replies":[{"embeddable":true,"href":"https:\/\/kindergartenverein-neubiberg.de\/index.php?rest_route=%2Fwp%2Fv2%2Fcomments&post=23"}],"version-history":[{"count":36,"href":"https:\/\/kindergartenverein-neubiberg.de\/index.php?rest_route=\/wp\/v2\/pages\/23\/revisions"}],"predecessor-version":[{"id":2385,"href":"https:\/\/kindergartenverein-neubiberg.de\/index.php?rest_route=\/wp\/v2\/pages\/23\/revisions\/2385"}],"wp:attachment":[{"href":"https:\/\/kindergartenverein-neubiberg.de\/index.php?rest_route=%2Fwp%2Fv2%2Fmedia&parent=23"}],"curies":[{"name":"wp","href":"https:\/\/api.w.org\/{rel}","templated":true}]}}