{"id":2354,"date":"2026-01-08T16:37:09","date_gmt":"2026-01-08T15:37:09","guid":{"rendered":"https:\/\/kindergartenverein-neubiberg.de\/?page_id=2354"},"modified":"2026-01-09T22:06:05","modified_gmt":"2026-01-09T21:06:05","slug":"oekokids-2","status":"publish","type":"page","link":"https:\/\/kindergartenverein-neubiberg.de\/?page_id=2354","title":{"rendered":"\u00d6kokids"},"content":{"rendered":"\n<p><strong>\u00d6koKids, die gro\u00dfe Auszeichnung f\u00fcr kleine Umweltsch\u00fctzer<\/strong><\/p>\n\n\n\n<p>Zum 5. Mal hat unsere Einrichtung bei den \u00d6koKids teilgenommen! Mittlerweile ein fester Bestandteil in unserem Jahresablauf,auf den sich alle freuen. Diesmal haben wir uns den kleinen Bewohnern unseres gro\u00dfen Garten gewidmet: <strong><em>Was kribbelt, krabbelt, h\u00fcpft und springt auf unserer Sonnenwiese?<\/em><\/strong><\/p>\n\n\n\n<figure class=\"wp-block-image size-large\"><img loading=\"lazy\" decoding=\"async\" width=\"1024\" height=\"683\" src=\"https:\/\/kindergartenverein-neubiberg.de\/wp-content\/uploads\/2026\/01\/Auszeichnung_10-1-1024x683.jpg\" alt=\"\" class=\"wp-image-2361\" srcset=\"https:\/\/kindergartenverein-neubiberg.de\/wp-content\/uploads\/2026\/01\/Auszeichnung_10-1-1024x683.jpg 1024w, https:\/\/kindergartenverein-neubiberg.de\/wp-content\/uploads\/2026\/01\/Auszeichnung_10-1-300x200.jpg 300w, https:\/\/kindergartenverein-neubiberg.de\/wp-content\/uploads\/2026\/01\/Auszeichnung_10-1-768x512.jpg 768w, https:\/\/kindergartenverein-neubiberg.de\/wp-content\/uploads\/2026\/01\/Auszeichnung_10-1-1536x1024.jpg 1536w, https:\/\/kindergartenverein-neubiberg.de\/wp-content\/uploads\/2026\/01\/Auszeichnung_10-1-2048x1365.jpg 2048w, https:\/\/kindergartenverein-neubiberg.de\/wp-content\/uploads\/2026\/01\/Auszeichnung_10-1-600x400.jpg 600w\" sizes=\"auto, (max-width: 1024px) 100vw, 1024px\" \/><figcaption class=\"wp-element-caption\">Bayerisches Staatsministerium f\u00fcr Umwelt und Verbraucherschutz\nAuszeichnung \u00d6koKids\nFoto: Marcus Schlaf, 04.12.2025<\/figcaption><\/figure>\n\n\n\n<p>Im Mai hat uns eine Fachfrau f\u00fcr Insekten und Pflanzen besucht und uns auf die Artenvielfalt auf unserem Gartengel\u00e4nde aufmerksam. Gemeinsam haben wir unsere Pflanzt\u00f6pfe bunt angestrichen und mit insekten-freundlichen Blumensamen bepflanzt. Au\u00dferdem haben wir ein Sandarium und ein ganz spezielles Insektenhotel in unserem abgestorbenen Baumstamm angelegt. Wir hoffen, dass uns in den kommenden Jahren viele Insekten besuchen werden. \u00d6koKids wird vom bayrischen Umweltministerium und dem Landesbund f\u00fcr Vogelschutz und Natur gef\u00f6rdert. Es ist ein Zeichen daf\u00fcr, dass sich unsere Einrichtung regelm\u00e4\u00dfig mit Bildung f\u00fcr nachhaltige Entwicklung (BNE) auseinander setzt. Ziel ist es, schon von kleinauf und im eigenen Umfeld den Kindern die Auswirkungen ihres Handelns auf die Welt kindgerecht bewusst zu machen.<\/p>\n\n\n\n<p>Wir freuen uns alle sehr \u00fcber unser 5. Bl\u00fcmchen.<br><br><br><br><br><br><br><br><br><br><br><br><br><br><br><br><br><br><br><br><br><br><br><br><br><br><br><br><br><style type=\"text\/css\">p.p1 {margin: 0.0px 0.0px 0.0px 0.0px; font: 14.0px 'Times New Roman'; color: #000000}p.p2 {margin: 0.0px 0.0px 0.0px 0.0px; font: 12.0px 'Times New Roman'; color: #000000}p.p3 {margin: 0.0px 0.0px 0.0px 0.0px; font: 12.0px 'Times New Roman'; color: #b6000c}<b>\u00d6koKids, die gro\u00dfe Auszeichnung f\u00fcr kleine Umweltsch\u00fctzer<\/b>Zum 5. Mal hat unsere Einrichtung bei den \u00d6koKids teilgenommen! Mittlerweile ein festerBestandteil in unserem Jahresablauf,auf den sich alle freuen. Diesmal haben wir uns den kleinenBewohnern unseres gro\u00dfen Garten gewidmet:Was kribbelt, krabbelt, h\u00fcpft und springt auf unserer Sonnenwiese?Im Mai hat uns eine Fachfrau f\u00fcr Insekten und Pflanzen besucht und uns auf die Artenvielfalt aufunserem Gartengel\u00e4nde aufmerksam. Gemeinsam haben wir unsere Pflanzt\u00f6pfe bunt angestrichenund mit insekten-freundlichen Blumensamen bepflanzt. Au\u00dferdem haben wir ein Sandarium und einganz spezielles Insektenhotel in unserem abgestorbenen Baumstamm angelegt. Wir hoffen, dass unsin den kommenden Jahren viele Insekten besuchen werden.\u00d6koKids wird vom bayrischen Umweltministerium und dem Landesbund f\u00fcr Vogelschutz undNatur gef\u00f6rdert. Es ist ein Zeichen daf\u00fcr, dass sich unsere Einrichtung regelm\u00e4\u00dfig mit Bildung f\u00fcrnachhaltige Entwicklung (BNE) auseinander setzt. Ziel ist es, schon von kleinauf und im eigenenUmfeld den Kindern die Auswirkungen ihres Handelns auf die Welt kindgerecht bewusst zumachen.Wir freuen uns alle sehr \u00fcber unser 5. Bl\u00fcmchen.<\/style><\/p>\n","protected":false},"excerpt":{"rendered":"<p>\u00d6koKids, die gro\u00dfe Auszeichnung f\u00fcr kleine Umweltsch\u00fctzer Zum 5. Mal hat unsere Einrichtung bei den \u00d6koKids teilgenommen! Mittlerweile ein fester Bestandteil in unserem Jahresablauf,auf den sich alle freuen. Diesmal haben wir uns den kleinen Bewohnern unseres gro\u00dfen Garten gewidmet: Was kribbelt, krabbelt, h\u00fcpft und springt auf unserer Sonnenwiese? Im Mai hat uns eine Fachfrau f\u00fcr [&hellip;]<\/p>\n","protected":false},"author":1,"featured_media":0,"parent":0,"menu_order":0,"comment_status":"closed","ping_status":"closed","template":"","meta":{"footnotes":""},"class_list":["post-2354","page","type-page","status-publish","hentry"],"_links":{"self":[{"href":"https:\/\/kindergartenverein-neubiberg.de\/index.php?rest_route=\/wp\/v2\/pages\/2354","targetHints":{"allow":["GET"]}}],"collection":[{"href":"https:\/\/kindergartenverein-neubiberg.de\/index.php?rest_route=\/wp\/v2\/pages"}],"about":[{"href":"https:\/\/kindergartenverein-neubiberg.de\/index.php?rest_route=\/wp\/v2\/types\/page"}],"author":[{"embeddable":true,"href":"https:\/\/kindergartenverein-neubiberg.de\/index.php?rest_route=\/wp\/v2\/users\/1"}],"replies":[{"embeddable":true,"href":"https:\/\/kindergartenverein-neubiberg.de\/index.php?rest_route=%2Fwp%2Fv2%2Fcomments&post=2354"}],"version-history":[{"count":5,"href":"https:\/\/kindergartenverein-neubiberg.de\/index.php?rest_route=\/wp\/v2\/pages\/2354\/revisions"}],"predecessor-version":[{"id":2366,"href":"https:\/\/kindergartenverein-neubiberg.de\/index.php?rest_route=\/wp\/v2\/pages\/2354\/revisions\/2366"}],"wp:attachment":[{"href":"https:\/\/kindergartenverein-neubiberg.de\/index.php?rest_route=%2Fwp%2Fv2%2Fmedia&parent=2354"}],"curies":[{"name":"wp","href":"https:\/\/api.w.org\/{rel}","templated":true}]}}