{"id":56,"date":"2018-12-28T23:08:20","date_gmt":"2018-12-28T22:08:20","guid":{"rendered":"http:\/\/kindergarten-sonnenwiese.net\/?page_id=56"},"modified":"2026-01-23T10:57:49","modified_gmt":"2026-01-23T09:57:49","slug":"introtitel","status":"publish","type":"page","link":"https:\/\/kindergartenverein-neubiberg.de\/","title":{"rendered":"Spielend lernen im Kreislauf der Natur"},"content":{"rendered":"\n\n\n<p>Ein freistehendes Geb\u00e4ude mit gro\u00dfem Au\u00dfengel\u00e4nde l\u00e4dt die Kinder zum Spielen, Bewegen und Lernen ein. Betreut werden 15 Kinder im Alter von zwei Jahren bis zum Schuleintritt. Aufgenommen werden insbesondere Kinder von Angeh\u00f6rigen der Universit\u00e4t der Bundeswehr und von Neubiberger B\u00fcrgerinnen und B\u00fcrgern. Schwerpunkt unserer Einrichtung ist die Begleitung der Kinder bei ihrer Entwicklung zu selbst\u00e4ndigen Pers\u00f6nlichkeiten nach dem Motto &#8220;Hilf mir, es selbst zu tun&#8221;.<\/p>\n\n\n\n<p>Als Elterninitiative bauen wir auf den Einsatz der Eltern. Neben dem p\u00e4dagogischen Team arbeitet jeden Tag ein Elternteil im Kindergarten mit. Das erm\u00f6glicht eine enge Partnerschaft zwischen P\u00e4dagogen und Eltern sowie ein hohes Ma\u00df an Transparenz in der p\u00e4dagogischen Arbeit.&nbsp;<\/p>\n\n\n\n<p>Gef\u00f6rdert werden wir laut den Richtlinien &#8220;Netz f\u00fcr Kinder&#8221; als altersgemischte, familiennahe Betreuung im Rahmen des Bayerischen Kinderbildungs- und -betreuungsgesetzes.<\/p>\n\n\n\n<div style=\"height:40px\" aria-hidden=\"true\" class=\"wp-block-spacer\"><\/div>\n\n\n\n<p><\/p>\n","protected":false},"excerpt":{"rendered":"<p>Ein freistehendes Geb\u00e4ude mit gro\u00dfem Au\u00dfengel\u00e4nde l\u00e4dt die Kinder zum Spielen, Bewegen und Lernen ein. Betreut werden 15 Kinder im Alter von zwei Jahren bis zum Schuleintritt. Aufgenommen werden insbesondere Kinder von Angeh\u00f6rigen der Universit\u00e4t der Bundeswehr und von Neubiberger B\u00fcrgerinnen und B\u00fcrgern. Schwerpunkt unserer Einrichtung ist die Begleitung der Kinder bei ihrer Entwicklung zu [&hellip;]<\/p>\n","protected":false},"author":1,"featured_media":8,"parent":0,"menu_order":0,"comment_status":"closed","ping_status":"closed","template":"","meta":{"footnotes":""},"class_list":["post-56","page","type-page","status-publish","has-post-thumbnail","hentry"],"_links":{"self":[{"href":"https:\/\/kindergartenverein-neubiberg.de\/index.php?rest_route=\/wp\/v2\/pages\/56","targetHints":{"allow":["GET"]}}],"collection":[{"href":"https:\/\/kindergartenverein-neubiberg.de\/index.php?rest_route=\/wp\/v2\/pages"}],"about":[{"href":"https:\/\/kindergartenverein-neubiberg.de\/index.php?rest_route=\/wp\/v2\/types\/page"}],"author":[{"embeddable":true,"href":"https:\/\/kindergartenverein-neubiberg.de\/index.php?rest_route=\/wp\/v2\/users\/1"}],"replies":[{"embeddable":true,"href":"https:\/\/kindergartenverein-neubiberg.de\/index.php?rest_route=%2Fwp%2Fv2%2Fcomments&post=56"}],"version-history":[{"count":71,"href":"https:\/\/kindergartenverein-neubiberg.de\/index.php?rest_route=\/wp\/v2\/pages\/56\/revisions"}],"predecessor-version":[{"id":2368,"href":"https:\/\/kindergartenverein-neubiberg.de\/index.php?rest_route=\/wp\/v2\/pages\/56\/revisions\/2368"}],"wp:featuredmedia":[{"embeddable":true,"href":"https:\/\/kindergartenverein-neubiberg.de\/index.php?rest_route=\/wp\/v2\/media\/8"}],"wp:attachment":[{"href":"https:\/\/kindergartenverein-neubiberg.de\/index.php?rest_route=%2Fwp%2Fv2%2Fmedia&parent=56"}],"curies":[{"name":"wp","href":"https:\/\/api.w.org\/{rel}","templated":true}]}}